{"id":95,"date":"2024-04-03T21:36:23","date_gmt":"2024-04-03T21:36:23","guid":{"rendered":"https:\/\/kultur90.ch\/?page_id=95"},"modified":"2024-10-14T18:58:33","modified_gmt":"2024-10-14T18:58:33","slug":"contact","status":"publish","type":"page","link":"https:\/\/kultur90.ch\/index.php\/aboutus\/contact\/","title":{"rendered":"Contact"},"content":{"rendered":"\n<div class=\"wp-block-group alignfull has-accent-5-background-color has-background has-global-padding is-layout-constrained wp-container-core-group-is-layout-d89aad35 wp-block-group-is-layout-constrained\" style=\"margin-top:0;margin-bottom:0;padding-top:var(--wp--preset--spacing--50);padding-right:var(--wp--preset--spacing--50);padding-bottom:var(--wp--preset--spacing--50);padding-left:var(--wp--preset--spacing--50)\">\n<div class=\"wp-block-columns alignwide is-layout-flex wp-container-core-columns-is-layout-1da03c2a wp-block-columns-is-layout-flex\">\n<div class=\"wp-block-column is-vertically-aligned-center is-layout-flow wp-block-column-is-layout-flow\" style=\"flex-basis:60%\">\n<figure class=\"wp-block-image size-full is-style-rounded wp-duotone-duotone-1 is-style-rounded--1\"><img loading=\"lazy\" decoding=\"async\" width=\"2560\" height=\"976\" src=\"https:\/\/kultur90.ch\/wp-content\/uploads\/2024\/04\/header_members-2-scaled.jpeg\" alt=\"\" class=\"wp-image-154\" style=\"aspect-ratio:4\/3;object-fit:cover\" srcset=\"https:\/\/kultur90.ch\/wp-content\/uploads\/2024\/04\/header_members-2-scaled.jpeg 2560w, https:\/\/kultur90.ch\/wp-content\/uploads\/2024\/04\/header_members-2-300x114.jpeg 300w, https:\/\/kultur90.ch\/wp-content\/uploads\/2024\/04\/header_members-2-1024x390.jpeg 1024w, https:\/\/kultur90.ch\/wp-content\/uploads\/2024\/04\/header_members-2-768x293.jpeg 768w, https:\/\/kultur90.ch\/wp-content\/uploads\/2024\/04\/header_members-2-1536x585.jpeg 1536w, https:\/\/kultur90.ch\/wp-content\/uploads\/2024\/04\/header_members-2-2048x781.jpeg 2048w\" sizes=\"auto, (max-width: 2560px) 100vw, 2560px\" \/><\/figure>\n<\/div>\n\n\n\n<div class=\"wp-block-column is-layout-flow wp-block-column-is-layout-flow\" style=\"flex-basis:40%\">\n<h2 class=\"wp-block-heading\">Get in touch<\/h2>\n\n\n\n<p>Du m\u00f6chtest mit uns in Kontakt treten? Dann bist du hier genau richtig.&nbsp;<\/p>\n\n\n\n<p>Gerne kannst du deine Anfrage oder Nachricht mit dem untenstehenden Formular an uns senden.<br>Wir werden dir dann sobald wie m\u00f6glich antworten.<\/p>\n<\/div>\n<\/div>\n<\/div>\n\n\n\n<div class=\"wp-block-group alignwide has-global-padding is-layout-constrained wp-container-core-group-is-layout-2c2a455a wp-block-group-is-layout-constrained\">\n<div style=\"height:13px\" aria-hidden=\"true\" class=\"wp-block-spacer\"><\/div>\n\n\n\n<h2 class=\"wp-block-heading has-x-large-font-size\">Kontaktformular<\/h2>\n<\/div>\n\n\n\n<div class=\"wp-block-group alignwide has-global-padding is-layout-constrained wp-container-core-group-is-layout-2c2a455a wp-block-group-is-layout-constrained\"><div class=\"wpforms-container wpforms-container-full wpforms-block wpforms-block-b9621234-768b-49d8-b8da-8a4df713da6d wpforms-render-modern\" id=\"wpforms-124\"><form id=\"wpforms-form-124\" class=\"wpforms-validate wpforms-form wpforms-ajax-form\" data-formid=\"124\" method=\"post\" enctype=\"multipart\/form-data\" action=\"\/index.php\/wp-json\/wp\/v2\/pages\/95\" data-token=\"217c4ad3bd623b0cbb71370c64bc08fa\" data-token-time=\"1778760419\"><noscript class=\"wpforms-error-noscript\">Please enable JavaScript in your browser to complete this form.<\/noscript><div id=\"wpforms-error-noscript\" style=\"display: none;\">Please enable JavaScript in your browser to complete this form.<\/div><div class=\"wpforms-field-container\"><div id=\"wpforms-124-field_0-container\" class=\"wpforms-field wpforms-field-name\" data-field-id=\"0\"><fieldset><legend class=\"wpforms-field-label\">Wer bist du? <span class=\"wpforms-required-label\" aria-hidden=\"true\">*<\/span><\/legend><div class=\"wpforms-field-row wpforms-field-medium\"><div class=\"wpforms-field-row-block wpforms-first wpforms-one-half\"><input type=\"text\" id=\"wpforms-124-field_0\" class=\"wpforms-field-name-first wpforms-field-required\" name=\"wpforms[fields][0][first]\" placeholder=\"Vorname\" aria-errormessage=\"wpforms-124-field_0-error\" required><label for=\"wpforms-124-field_0\" class=\"wpforms-field-sublabel after wpforms-sublabel-hide\">First<\/label><\/div><div class=\"wpforms-field-row-block wpforms-one-half\"><input type=\"text\" id=\"wpforms-124-field_0-last\" class=\"wpforms-field-name-last wpforms-field-required\" name=\"wpforms[fields][0][last]\" placeholder=\"Nachname\" aria-errormessage=\"wpforms-124-field_0-last-error\" required><label for=\"wpforms-124-field_0-last\" class=\"wpforms-field-sublabel after wpforms-sublabel-hide\">Last<\/label><\/div><\/div><\/fieldset><\/div><div id=\"wpforms-124-field_1-container\" class=\"wpforms-field wpforms-field-email\" data-field-id=\"1\"><label class=\"wpforms-field-label\" for=\"wpforms-124-field_1\">Email <span class=\"wpforms-required-label\" aria-hidden=\"true\">*<\/span><\/label><input type=\"email\" id=\"wpforms-124-field_1\" class=\"wpforms-field-medium wpforms-field-required\" name=\"wpforms[fields][1]\" placeholder=\"meinname@kultur90.ch\" spellcheck=\"false\" aria-errormessage=\"wpforms-124-field_1-error\" required><\/div><div id=\"wpforms-124-field_2-container\" class=\"wpforms-field wpforms-field-textarea\" data-field-id=\"2\"><label class=\"wpforms-field-label\" for=\"wpforms-124-field_2\">deine Nachricht  <span class=\"wpforms-required-label\" aria-hidden=\"true\">*<\/span><\/label><textarea id=\"wpforms-124-field_2\" class=\"wpforms-field-medium wpforms-field-required\" name=\"wpforms[fields][2]\" aria-errormessage=\"wpforms-124-field_2-error\" required><\/textarea><\/div><\/div><!-- .wpforms-field-container --><div class=\"wpforms-recaptcha-container wpforms-is-recaptcha wpforms-is-recaptcha-type-v2\" ><div class=\"g-recaptcha\" data-sitekey=\"6Ld63K8pAAAAAPXvtXQIBku4Q3HNAge6L5GNFk4y\"><\/div><input type=\"text\" name=\"g-recaptcha-hidden\" class=\"wpforms-recaptcha-hidden\" style=\"position:absolute!important;clip:rect(0,0,0,0)!important;height:1px!important;width:1px!important;border:0!important;overflow:hidden!important;padding:0!important;margin:0!important;\" data-rule-recaptcha=\"1\"><\/div><div class=\"wpforms-submit-container\" ><input type=\"hidden\" name=\"wpforms[id]\" value=\"124\"><input type=\"hidden\" name=\"page_title\" value=\"\"><input type=\"hidden\" name=\"page_url\" value=\"https:\/\/kultur90.ch\/index.php\/wp-json\/wp\/v2\/pages\/95\"><input type=\"hidden\" name=\"url_referer\" value=\"\"><button type=\"submit\" name=\"wpforms[submit]\" id=\"wpforms-submit-124\" class=\"wpforms-submit\" data-alt-text=\"Sending...\" data-submit-text=\"Senden\" aria-live=\"assertive\" value=\"wpforms-submit\">Senden<\/button><img loading=\"lazy\" decoding=\"async\" src=\"https:\/\/kultur90.ch\/wp-content\/plugins\/wpforms-lite\/assets\/images\/submit-spin.svg\" class=\"wpforms-submit-spinner\" style=\"display: none;\" width=\"26\" height=\"26\" alt=\"Loading\"><\/div><\/form><\/div>  <!-- .wpforms-container -->\n\n\n<div style=\"height:23px\" aria-hidden=\"true\" class=\"wp-block-spacer\"><\/div>\n<\/div>\n\n\n\n<div class=\"wp-block-group alignfull has-base-color has-contrast-background-color has-text-color has-background has-link-color wp-elements-d03a36c3d64ca5f087d5ac7a97450fe3 has-global-padding is-layout-constrained wp-container-core-group-is-layout-d89aad35 wp-block-group-is-layout-constrained\" style=\"margin-top:0;margin-bottom:0;padding-top:var(--wp--preset--spacing--50);padding-right:var(--wp--preset--spacing--50);padding-bottom:var(--wp--preset--spacing--50);padding-left:var(--wp--preset--spacing--50)\">\n<h2 class=\"wp-block-heading alignwide has-base-color has-text-color has-link-color wp-elements-c9b5699bdecff18878afa112249018b5\" style=\"font-size:clamp(4.509rem, 4.509rem + ((1vw - 0.2rem) * 9.152), 10rem);letter-spacing:-0.02em\">FAQs<\/h2>\n\n\n\n<div class=\"wp-block-group alignwide is-layout-flow wp-block-group-is-layout-flow\">\n<hr class=\"wp-block-separator has-text-color has-base-color has-alpha-channel-opacity has-base-background-color has-background is-style-wide\"\/>\n\n\n\n<details class=\"wp-block-details is-style-arrow-icon-details has-medium-font-size is-layout-flow wp-block-details-is-layout-flow\" style=\"border-top-style:none;border-top-width:0px;border-right-style:none;border-right-width:0px;border-bottom-color:var(--wp--preset--color--base);border-bottom-style:solid;border-bottom-width:1px;border-left-style:none;border-left-width:0px;margin-top:0\"><summary>Wann findet der n\u00e4chste Event statt?<\/summary>\n<p class=\"has-contrast-1-color has-text-color has-link-color wp-elements-5226bc1d7c18cfbf7e741dd6fc4a0476\">Alle unsere Events werden auf unserer Eventseite publiziert. Diese findest du <a href=\"https:\/\/kultur90.ch\/index.php\/2024\/04\/24\/kultur90-events\/\" data-type=\"post\" data-id=\"316\">Hier<\/a>. <br>F\u00fcr fragen zu Events kannst du gerne das obenstehende Kontaktformular nutzen.<\/p>\n<\/details>\n\n\n\n<details class=\"wp-block-details is-style-arrow-icon-details has-medium-font-size is-layout-flow wp-block-details-is-layout-flow\" style=\"border-top-style:none;border-top-width:0px;border-right-style:none;border-right-width:0px;border-bottom-color:var(--wp--preset--color--base);border-bottom-style:solid;border-bottom-width:1px;border-left-style:none;border-left-width:0px;margin-top:0\"><summary>Kann man Kultur90 f\u00fcr einen Event buchen?<\/summary>\n<p class=\"has-contrast-1-color has-text-color has-link-color wp-elements-8276478ba23a46a9f4eb8376dae108ef\">Ja, wir \u00fcnterst\u00fctzen gerne Events im Seetal. Sei es mit einem Verpflegungsstand oder bei der Organisation. Falls du also Unterst\u00fctzung bei einem Event ben\u00f6tigst, kannst du uns gerne kontaktieren.<\/p>\n<\/details>\n\n\n\n<details class=\"wp-block-details is-style-arrow-icon-details has-medium-font-size is-layout-flow wp-block-details-is-layout-flow\" style=\"border-top-style:none;border-top-width:0px;border-right-style:none;border-right-width:0px;border-bottom-color:var(--wp--preset--color--base);border-bottom-style:solid;border-bottom-width:1px;border-left-style:none;border-left-width:0px;margin-top:0\"><summary>Was macht der Verein Kultur90?<\/summary>\n<p class=\"has-contrast-1-color has-text-color has-link-color wp-elements-ab8ecfb2ebe43d1dba0cd999144d8121\">Wir sind ein Verein mit 29 Mitgliedern. Unser Ziel ist es der Jugendkultur einen Platz im Seetal zu geben. Unsere Events stehen jedoch allen offen, egal ob jung oder alt. Wir freuen dich bald bei einem unseren Events kennenzulernen.<\/p>\n<\/details>\n\n\n\n<details class=\"wp-block-details is-style-arrow-icon-details has-medium-font-size is-layout-flow wp-block-details-is-layout-flow\" style=\"border-top-style:none;border-top-width:0px;border-right-style:none;border-right-width:0px;border-bottom-color:var(--wp--preset--color--base);border-bottom-style:solid;border-bottom-width:1px;border-left-style:none;border-left-width:0px;margin-top:0\"><summary>Datenschutz und Impressum<\/summary>\n<p class=\"has-contrast-1-color has-text-color has-link-color wp-elements-6d919f7ae10269da1153d5ac6358eb1d\">Auf unserer <a href=\"https:\/\/kultur90.ch\/index.php\/impressum\/\" data-type=\"page\" data-id=\"3\">Impressumsseite<\/a> findest du alle wichtigen Infos zu unserer Webseite nach gesetzlichen Vorgaben.<\/p>\n<\/details>\n\n\n\n<div style=\"margin-top:var(--wp--preset--spacing--10);margin-bottom:0;height:var(--wp--preset--spacing--10)\" aria-hidden=\"true\" class=\"wp-block-spacer\"><\/div>\n<\/div>\n<\/div>\n","protected":false},"excerpt":{"rendered":"<p>Get in touch Du m\u00f6chtest mit uns in Kontakt treten? Dann bist du hier genau richtig.&nbsp; Gerne kannst du deine Anfrage oder Nachricht mit dem untenstehenden Formular an uns senden.Wir [&hellip;]<\/p>\n","protected":false},"author":1,"featured_media":129,"parent":2,"menu_order":0,"comment_status":"closed","ping_status":"closed","template":"page-no-title","meta":{"_EventAllDay":false,"_EventTimezone":"","_EventStartDate":"","_EventEndDate":"","_EventStartDateUTC":"","_EventEndDateUTC":"","_EventShowMap":false,"_EventShowMapLink":false,"_EventURL":"","_EventCost":"","_EventCostDescription":"","_EventCurrencySymbol":"","_EventCurrencyCode":"","_EventCurrencyPosition":"","_EventDateTimeSeparator":"","_EventTimeRangeSeparator":"","_EventOrganizerID":[],"_EventVenueID":[],"_OrganizerEmail":"","_OrganizerPhone":"","_OrganizerWebsite":"","_VenueAddress":"","_VenueCity":"","_VenueCountry":"","_VenueProvince":"","_VenueState":"","_VenueZip":"","_VenuePhone":"","_VenueURL":"","_VenueStateProvince":"","_VenueLat":"","_VenueLng":"","_VenueShowMap":false,"_VenueShowMapLink":false,"footnotes":""},"class_list":["post-95","page","type-page","status-publish","has-post-thumbnail","hentry"],"_links":{"self":[{"href":"https:\/\/kultur90.ch\/index.php\/wp-json\/wp\/v2\/pages\/95","targetHints":{"allow":["GET"]}}],"collection":[{"href":"https:\/\/kultur90.ch\/index.php\/wp-json\/wp\/v2\/pages"}],"about":[{"href":"https:\/\/kultur90.ch\/index.php\/wp-json\/wp\/v2\/types\/page"}],"author":[{"embeddable":true,"href":"https:\/\/kultur90.ch\/index.php\/wp-json\/wp\/v2\/users\/1"}],"replies":[{"embeddable":true,"href":"https:\/\/kultur90.ch\/index.php\/wp-json\/wp\/v2\/comments?post=95"}],"version-history":[{"count":28,"href":"https:\/\/kultur90.ch\/index.php\/wp-json\/wp\/v2\/pages\/95\/revisions"}],"predecessor-version":[{"id":807,"href":"https:\/\/kultur90.ch\/index.php\/wp-json\/wp\/v2\/pages\/95\/revisions\/807"}],"up":[{"embeddable":true,"href":"https:\/\/kultur90.ch\/index.php\/wp-json\/wp\/v2\/pages\/2"}],"wp:featuredmedia":[{"embeddable":true,"href":"https:\/\/kultur90.ch\/index.php\/wp-json\/wp\/v2\/media\/129"}],"wp:attachment":[{"href":"https:\/\/kultur90.ch\/index.php\/wp-json\/wp\/v2\/media?parent=95"}],"curies":[{"name":"wp","href":"https:\/\/api.w.org\/{rel}","templated":true}]}}